{"id":184,"date":"2024-03-06T11:25:55","date_gmt":"2024-03-06T10:25:55","guid":{"rendered":"https:\/\/casamatabelen.com\/\/politica-privacidad\/"},"modified":"2024-05-08T17:27:44","modified_gmt":"2024-05-08T15:27:44","slug":"privacy-policy","status":"publish","type":"page","link":"https:\/\/casamatabelen.com\/en\/privacy-policy\/","title":{"rendered":"Privacy Policy"},"content":{"rendered":"\n<div class=\"wp-block-group container polices\"><div class=\"wp-block-group__inner-container is-layout-constrained wp-block-group-is-layout-constrained\">\n<h1 class=\"wp-block-heading\">Pol\u00edtica de privacidad<\/h1>\n\n\n\n<p><strong>Informaci\u00f3n adicional sobre Protecci\u00f3n de Datos<\/strong><br>\u00bfQui\u00e9n es el Responsable del tratamiento de tus datos?<\/p>\n\n\n\n<p>Casa Mata Violeta<br>Tel\u00e9fono: +34 123 123 123<br>Correo electr\u00f3nico: info@casamatavioleta.com<\/p>\n\n\n\n<p><strong>\u00bfCon qu\u00e9 finalidad tratamos tus datos personales?<\/strong><\/p>\n\n\n\n<p>En cumplimiento de lo dispuesto en el Reglamento Europeo 2016\/679 General de Protecci\u00f3n de Datos as\u00ed como en cualquier legislaci\u00f3n nacional que resulte de aplicaci\u00f3n, te informamos de que en Casa Mata Violeta tratamos los datos que nos facilitas para las siguientes finalidades:<\/p>\n\n\n\n<ol class=\"wp-block-list\">\n<li>Gestionar los datos de los usuarios que contactan con Casa Mata Violeta a trav\u00e9s de los formularios de la web que est\u00e1n a disposici\u00f3n del usuario. Asimismo, tus datos ser\u00e1n tratados con el fin de gestionar las consultas que nos hagas llegar a trav\u00e9s de los canales habilitados a tal efecto en nuestra p\u00e1gina web; asimismo, podremos ponernos en contacto con el usuario v\u00eda telef\u00f3nica, electr\u00f3nica, o sms si es necesario.<\/li>\n\n\n\n<li>Atender sus solicitudes de informaci\u00f3n, y hacer el seguimiento de los mismos,<\/li>\n\n\n\n<li>Realizar un control de calidad sobre nuestros productos y servicios.<\/li>\n\n\n\n<li>Realizar encuestas de satisfacci\u00f3n y fines estad\u00edsticos.<\/li>\n\n\n\n<li>Si consientes, tus datos ser\u00e1n utilizados para informarte y remitirte peri\u00f3dicamente comunicaciones de nuevos productos que puedan ser de tu inter\u00e9s as\u00ed como ofrecerte promociones, invitarte a eventos u otros. Podremos remitirte estas informaciones tanto a trav\u00e9s de medios impresos, como electr\u00f3nicos y telef\u00f3nicos.<\/li>\n\n\n\n<li>Si consientes, tus datos ser\u00e1n utilizados para conocerte mejor y elaborar tu perfil. En caso de estar disponibles, podr\u00e1n incorporarse a los perfiles que se elaboren acerca de ti, aquellos datos que puedas haber facilitado personalmente o pueden haberse generado durante tu utilizaci\u00f3n de los productos y servicios, informaci\u00f3n adicional como aficiones, as\u00ed como el historial de cliente. Dicha aceptaci\u00f3n no supondr\u00e1 la toma de decisiones automatizadas.<\/li>\n<\/ol>\n\n\n\n<p><strong>\u00bfQu\u00e9 tipolog\u00eda de datos tratamos?<\/strong><\/p>\n\n\n\n<p>En el marco de la prestaci\u00f3n de los servicios y condicionado a las finalidades consentidas por ti, trataremos las siguientes categor\u00edas de datos:<\/p>\n\n\n\n<ul class=\"wp-block-list\">\n<li>Datos identificativos y de contacto por ejemplo a t\u00edtulo enunciativo, pero no limitativo: nombre, apellidos, tel\u00e9fono o correo electr\u00f3nico.<\/li>\n\n\n\n<li>Datos de preferencias y aficiones, si los hubiera en el formulario que rellena.<br>Datos de informaci\u00f3n comercial, la que nos facilite acerca de sus preferencias por ejemplo a t\u00edtulo enunciativo, pero no limitativo: el tipo de veh\u00edculo y\/o veh\u00edculos en los que est\u00e1 interesado, tipo de motor, color, interior del veh\u00edculo, equipamiento opcional y\/o accesorios.<\/li>\n<\/ul>\n\n\n\n<p><strong>\u00bfPor cu\u00e1nto tiempo conservaremos sus datos?<\/strong><\/p>\n\n\n\n<p>Sus datos ser\u00e1n conservados mientras sean necesarios dar respuesta a las peticiones o solicitudes que nos haya realizado, o relaci\u00f3n contractual, y en cualquier caso mientras no solicite su supresi\u00f3n, as\u00ed como el tiempo necesario para dar cumplimiento a las obligaciones legales que en cada caso correspondan acorde con cada tipolog\u00eda de datos.<\/p>\n\n\n\n<p><strong>\u00bfCu\u00e1l es la legitimaci\u00f3n para el tratamiento de sus datos?<\/strong><\/p>\n\n\n\n<p>La base legal para el tratamiento de sus datos es la ejecuci\u00f3n del contrato de suscripci\u00f3n a los servicios solicitados (como podr\u00edan ser una prueba de conducci\u00f3n, una compra a trav\u00e9s de nuestra tienda online, newsletter o elaboraci\u00f3n de un presupuesto entre otros). El tratamiento de sus datos para las finalidades adicionales referidas con anterioridad, se basa en el consentimiento que nos ha prestado. No obstante, puede retirar el consentimiento en cualquier momento, sin que en ning\u00fan caso, ello condicione la relaci\u00f3n comercial que nos une. Puede retirar dicho consentimiento enviando un correo electr\u00f3nico a info@casamatavioleta.es<\/p>\n\n\n\n<p><strong>\u00bfA qu\u00e9 destinatarios se comunicar\u00e1n sus datos?<\/strong><\/p>\n\n\n\n<p>Con vistas a que tengas un servicio completo y dada la naturaleza de nuestro producto, cuando sea necesario para las finalidades citadas, siempre que lo hayas consentido, podemos compartir tu informaci\u00f3n personal dentro de nuestra red de oficinas, para ayudarnos a ofrecer experiencias personalizadas que ofrezcan productos o servicios que puedan ser de tu inter\u00e9s y para procesar pedidos en l\u00ednea y otras solicitudes. Tambi\u00e9n recopilamos informaci\u00f3n y compartimos informaci\u00f3n con nuestros distribuidores independientes y entidades financieras. Estas empresas cuentan con sus propias pr\u00e1cticas y notificaciones de privacidad. Tambi\u00e9n podemos compartir informaci\u00f3n personal con proveedores que proporcionan servicios en representaci\u00f3n nuestra. Tomamos los pasos necesarios para garantizar que estas empresas est\u00e9n obligadas por contrato a mantener en confidencialidad la informaci\u00f3n personal que les proporcionamos y a utilizar dicha informaci\u00f3n solo con nuestro permiso. Adicionalmente, te informamos de que colaboraremos con: Organismos p\u00fablicos (por ejemplo, la Agencia Tributaria o la Direcci\u00f3n General de Tr\u00e1fico).<\/p>\n\n\n\n<p><strong>\u00bfCu\u00e1les son tus derechos cuando nos facilita sus datos?<\/strong><\/p>\n\n\n\n<p>Tienes derecho a obtener confirmaci\u00f3n sobre si estamos tratando datos personales que te conciernan, o no. Asimismo, tienes derecho a acceder a tus datos personales, as\u00ed como a solicitar la rectificaci\u00f3n de los datos inexactos o, en su caso, solicitar su supresi\u00f3n cuando, entre otros motivos, los datos ya no sean necesarios para los fines para los que fueron recogidos. En determinadas circunstancias, podr\u00e1s solicitar la limitaci\u00f3n del tratamiento de tus datos, en cuyo caso \u00fanicamente los conservaremos para el ejercicio o la defensa de reclamaciones. En determinadas circunstancias y por motivos relacionados con tu situaci\u00f3n particular, podr\u00e1s oponerte al tratamiento de tus datos. Casa Mata Violeta dejar\u00e1 de tratar los datos, salvo por motivos leg\u00edtimos imperiosos, o el ejercicio o la defensa de posibles reclamaciones. Asimismo, puedes ejercer el derecho a la portabilidad de los datos, as\u00ed como retirar los consentimientos facilitados en cualquier momento, sin que ello afecte a la licitud del tratamiento basado en el consentimiento previo a su retirada. Podr\u00e1s ejercer dichos derechos mediante petici\u00f3n enviando un correo electr\u00f3nico a info@casamatavioleta.es adjuntando una copia de tu DNI u otro documento que acredite tu identidad, e indicando claramente el derecho que quieres ejercer. Por \u00faltimo te informamos que puedes dirigirte ante la Agencia Espa\u00f1ola de Protecci\u00f3n de Datos y dem\u00e1s organismos p\u00fablicos competentes para cualquier reclamaci\u00f3n derivada del tratamiento de tus datos personales.<\/p>\n\n\n\n<p><strong>\u00bfC\u00f3mo hemos obtenido sus datos?<\/strong><\/p>\n\n\n\n<p>Te recordamos que en caso de que nos proporciones datos relativos a otra persona f\u00edsica deber\u00e1s, con car\u00e1cter previo a su inclusi\u00f3n, informarle de los extremos contenidos en la presente cl\u00e1usula.<\/p>\n<\/div><\/div>\n","protected":false},"excerpt":{"rendered":"<p>Pol\u00edtica de privacidad Informaci\u00f3n adicional sobre Protecci\u00f3n de Datos\u00bfQui\u00e9n es el Responsable del tratamiento de tus datos? Casa Mata VioletaTel\u00e9fono: +34 123 123 123Correo electr\u00f3nico: info@casamatavioleta.com \u00bfCon qu\u00e9 finalidad tratamos tus datos personales? En cumplimiento&#8230;<\/p>\n","protected":false},"author":1,"featured_media":0,"parent":0,"menu_order":0,"comment_status":"closed","ping_status":"open","template":"","meta":{"inline_featured_image":false,"footnotes":""},"class_list":["post-184","page","type-page","status-publish","hentry"],"_links":{"self":[{"href":"https:\/\/casamatabelen.com\/en\/wp-json\/wp\/v2\/pages\/184","targetHints":{"allow":["GET"]}}],"collection":[{"href":"https:\/\/casamatabelen.com\/en\/wp-json\/wp\/v2\/pages"}],"about":[{"href":"https:\/\/casamatabelen.com\/en\/wp-json\/wp\/v2\/types\/page"}],"author":[{"embeddable":true,"href":"https:\/\/casamatabelen.com\/en\/wp-json\/wp\/v2\/users\/1"}],"replies":[{"embeddable":true,"href":"https:\/\/casamatabelen.com\/en\/wp-json\/wp\/v2\/comments?post=184"}],"version-history":[{"count":1,"href":"https:\/\/casamatabelen.com\/en\/wp-json\/wp\/v2\/pages\/184\/revisions"}],"predecessor-version":[{"id":188,"href":"https:\/\/casamatabelen.com\/en\/wp-json\/wp\/v2\/pages\/184\/revisions\/188"}],"wp:attachment":[{"href":"https:\/\/casamatabelen.com\/en\/wp-json\/wp\/v2\/media?parent=184"}],"curies":[{"name":"wp","href":"https:\/\/api.w.org\/{rel}","templated":true}]}}